{"id":943,"date":"2016-09-14T11:47:19","date_gmt":"2016-09-14T09:47:19","guid":{"rendered":"https:\/\/www.enco-software.com\/?page_id=943"},"modified":"2026-04-13T12:44:57","modified_gmt":"2026-04-13T10:44:57","slug":"company","status":"publish","type":"page","link":"https:\/\/www.enco-software.com\/de\/company\/","title":{"rendered":"Company"},"content":{"rendered":"<div class=\"wpb-content-wrapper\">[vc_row][vc_column][\/vc_column][\/vc_row][vc_row][vc_column][vc_empty_space height=&#8220;50px&#8220;][vc_custom_heading text=&#8220;Company&#8220; font_container=&#8220;tag:h1|font_size:35px|text_align:center&#8220; google_fonts=&#8220;font_family:Raleway%3A100%2C200%2C300%2Cregular%2C500%2C600%2C700%2C800%2C900|font_style:300%20light%20regular%3A300%3Anormal&#8220;][vc_empty_space height=&#8220;20px&#8220;][vc_column_text css=&#8220;&#8220;]EnCo Software GmbH, gegr\u00fcndet im Jahr 2005 in Hamburg und 2008 in die Rechtsform einer GmbH umgewandelt, ist ein Beratungs- und Software Systemhaus f\u00fcr die Industriezweige Automotive, Anlagenbau, Rail sowie Luft- und Raumfahrttechnik mit Sitz in Hamburg.<\/p>\n<p>Als Dienstleistungsspezialist in einer hochkomplexen Engineering Umgebung z\u00e4hlen zu den Kernkomponenten die Prozess- und Qualit\u00e4tsevaluierung mit Projektunterst\u00fctzung im Rahmen der funktionalen Sicherheit elektronischer Komponenten. Hieraus entstand das modular aufgebaute Eigenprodukt SOX. SOX ist modular aufgebaut und ist als Standardl\u00f6sung f\u00fcr den safety Entwicklungsprozess einsetzbar.<\/p>\n<p>Unternehmen verschiedenster Branchen bieten wir eine individuell angepasste Tool Migration, Schulungen und Training an.[\/vc_column_text][\/vc_column][\/vc_row][vc_row][vc_column][vc_custom_heading text=&#8220;Unsere Geschichte&#8220; font_container=&#8220;tag:h1|text_align:center&#8220; google_fonts=&#8220;font_family:Raleway%3A100%2C200%2C300%2Cregular%2C500%2C600%2C700%2C800%2C900|font_style:300%20light%20regular%3A300%3Anormal&#8220;][vc_empty_space height=&#8220;20px&#8220;][vc_column_text]Das Unternehmen Engineers Consulting (kurz: EnCo) ist im Jahr 2005 von dem Gesch\u00e4ftsf\u00fchrer Hr. Marcus Heine gegr\u00fcndet worden und wurde im Jahr 2008 in die Rechtsform einer GmbH \u00fcberf\u00fchrt.<\/p>\n<p>Die damalige Idee der Unternehmung war, als Ingenieurdienstleister (Consultant) f\u00fcr die Automobilbranche, den Sondermaschinen- und Anlagenbau und der Luft- und Raumfahrt unser Know-How zur Verf\u00fcgung zu stellen um Prozesse zu optimieren, die Qualit\u00e4t von Bauteilen und Produkten zu sichern und die Kosteneffizienz zu erh\u00f6hen.<\/p>\n<p>Bis heute sind wir mit dieser Idee sehr erfolgreich am Markt aktiv und konnten diesen Ansatz der Beratung durch das von EnCo konzipierte und entwickelte Produkt SafetyOffice X2 deutlich erweitern. Unser heutiges Portfolio bedient somit nicht nur die reine Ingenieurdienstleistung, sondern wir entwickeln, konzipieren, migrieren und schulen unser Produkt SOX bei namhaften Unternehmen der Automobilindustrie.<\/p>\n<p>Unsere Vision definiert sich in dem st\u00e4ndigen Bestreben der Verbesserung sowie der \u00dcbernahme der Marktf\u00fchrung mit unserem Produkt SOX.[\/vc_column_text][\/vc_column][\/vc_row][vc_row][vc_column][vc_custom_heading text=&#8220;Management&#8220; font_container=&#8220;tag:h1|text_align:center&#8220; google_fonts=&#8220;font_family:Raleway%3A100%2C200%2C300%2Cregular%2C500%2C600%2C700%2C800%2C900|font_style:300%20light%20regular%3A300%3Anormal&#8220;][vc_empty_space height=&#8220;20px&#8220;][vc_column_text]Dipl. Ing. Marcus Heine ist Gr\u00fcnder und Gesch\u00e4ftsf\u00fchrer von der EnCo Software GmbH. Herr Heine begann seine Karriere als Qualit\u00e4tsingenieur bei Recaro Aircraft Seating. Weitere Stationen seiner Karriere waren Bosch Engineering sowie Airbus Deutschland, wobei seine T\u00e4tigkeiten in der internen Qualit\u00e4tsberatung lagen.<\/p>\n<p>Auch w\u00e4hrend seiner T\u00e4tigkeit als Gesch\u00e4ftsf\u00fchrer von EnCo f\u00fchrte Herr Heine bereits zahlreiche Projekte (u.a. in der Beratung und Anwendung von Methoden im Bereich der Funktionalen Sicherheit) durch.<\/p>\n<p>Als Gr\u00fcnder und Gesch\u00e4ftsf\u00fchrer von EnCo entwickelt und begleitet Marcus Heine s\u00e4mtliche strategische Gesch\u00e4ftsprozesse und ist an deren Umsetzung ma\u00dfgeblich beteiligt.<\/p>\n<p>Basierend auf der urspr\u00fcnglichen Idee zur Unternehmensgr\u00fcndung (Produktentwicklung SOX sowie Beratung und Schulung im Engineering Bereich), arbeitet Herr Heine eng mit Partnern und internen Projektleitern zusammen, um das Produkt SOX auszubauen und Mitarbeiter zu f\u00f6rdern. Insbesondere legt die Gesch\u00e4ftsf\u00fchrung von EnCo wert auf den regelm\u00e4\u00dfigen Austausch mit und zwischen den Mitarbeitern, welches sich in den regelm\u00e4\u00dfigen Entwickler- und Beratertreffen wiederspiegelt.<\/p>\n<p>Die technische Leitung in der Produktentwicklung des SOX wurde 2014 von Herrn Dr. Thorsten Schlath\u00f6lter \u00fcbernommen.<\/p>\n<p>Beirat\/Gesellschafter:<\/p>\n<p>Der Beirat von EnCo wird besetzt von Herrn Michael Englert (GF ITK Engineering), Herrn Carsten Thoma (Mitbegr\u00fcnder und President &amp; General Manager SAP Hybris), Herrn Stefan Schmidt (Vice President of Product Strategy der hybris AG) sowie Herrn Rolf Mathies (Mitbegr\u00fcnder Early Bird, Venture Capital), der EnCo seit einigen Jahren als Business Angel und enger Berater von Herrn Marcus Heine zur Seite steht.[\/vc_column_text][\/vc_column][\/vc_row]\n<\/div>","protected":false},"excerpt":{"rendered":"<p>[vc_row][vc_column][\/vc_column][\/vc_row][vc_row][vc_column][vc_empty_space height=&#8220;50px&#8220;][vc_custom_heading text=&#8220;Company&#8220; font_container=&#8220;tag:h1|font_size:35px|text_align:center&#8220; google_fonts=&#8220;font_family:Raleway%3A100%2C200%2C300%2Cregular%2C500%2C600%2C700%2C800%2C900|font_style:300%20light%20regular%3A300%3Anormal&#8220;][vc_empty_space height=&#8220;20px&#8220;][vc_column_text css=&#8220;&#8220;]EnCo Software GmbH, gegr\u00fcndet im Jahr 2005 in Hamburg und 2008 in die Rechtsform einer GmbH umgewandelt, ist ein Beratungs- und Software Systemhaus f\u00fcr die Industriezweige Automotive, Anlagenbau, Rail sowie Luft- und Raumfahrttechnik mit Sitz in Hamburg. Als Dienstleistungsspezialist in einer hochkomplexen Engineering Umgebung z\u00e4hlen zu den Kernkomponenten die [&hellip;]<\/p>\n","protected":false},"author":673,"featured_media":0,"parent":0,"menu_order":0,"comment_status":"closed","ping_status":"closed","template":"","meta":{"_monsterinsights_skip_tracking":false,"_monsterinsights_sitenote_active":false,"_monsterinsights_sitenote_note":"","_monsterinsights_sitenote_category":0,"footnotes":""},"class_list":["post-943","page","type-page","status-publish","hentry","entry"],"yoast_head":"<!-- This site is optimized with the Yoast SEO plugin v27.4 - https:\/\/yoast.com\/product\/yoast-seo-wordpress\/ -->\n<title>Company &#183; Safety and Security Software<\/title>\n<meta name=\"robots\" content=\"index, follow, max-snippet:-1, max-image-preview:large, max-video-preview:-1\" \/>\n<link rel=\"canonical\" href=\"https:\/\/www.enco-software.com\/de\/company\/\" \/>\n<meta property=\"og:locale\" content=\"de_DE\" \/>\n<meta property=\"og:type\" content=\"article\" \/>\n<meta property=\"og:title\" content=\"Company &#183; Safety and Security Software\" \/>\n<meta property=\"og:description\" content=\"[vc_row][vc_column][\/vc_column][\/vc_row][vc_row][vc_column][vc_empty_space height=&#8220;50px&#8220;][vc_custom_heading text=&#8220;Company&#8220; font_container=&#8220;tag:h1|font_size:35px|text_align:center&#8220; google_fonts=&#8220;font_family:Raleway%3A100%2C200%2C300%2Cregular%2C500%2C600%2C700%2C800%2C900|font_style:300%20light%20regular%3A300%3Anormal&#8220;][vc_empty_space height=&#8220;20px&#8220;][vc_column_text css=&#8220;&#8220;]EnCo Software GmbH, gegr\u00fcndet im Jahr 2005 in Hamburg und 2008 in die Rechtsform einer GmbH umgewandelt, ist ein Beratungs- und Software Systemhaus f\u00fcr die Industriezweige Automotive, Anlagenbau, Rail sowie Luft- und Raumfahrttechnik mit Sitz in Hamburg. Als Dienstleistungsspezialist in einer hochkomplexen Engineering Umgebung z\u00e4hlen zu den Kernkomponenten die [&hellip;]\" \/>\n<meta property=\"og:url\" content=\"https:\/\/www.enco-software.com\/de\/company\/\" \/>\n<meta property=\"og:site_name\" content=\"EnCo Software GmbH\" \/>\n<meta property=\"article:publisher\" content=\"https:\/\/www.facebook.com\/EnCo-Software-GmbH-901872179939047\/\" \/>\n<meta property=\"article:modified_time\" content=\"2026-04-13T10:44:57+00:00\" \/>\n<meta property=\"og:image\" content=\"https:\/\/www.enco-software.com\/wp-content\/uploads\/2017\/07\/turbine-aircraft-motor-rotor-40024.jpeg\" \/>\n\t<meta property=\"og:image:width\" content=\"2500\" \/>\n\t<meta property=\"og:image:height\" content=\"1669\" \/>\n\t<meta property=\"og:image:type\" content=\"image\/jpeg\" \/>\n<meta name=\"twitter:card\" content=\"summary_large_image\" \/>\n<meta name=\"twitter:site\" content=\"@EnCoMuc\" \/>\n<meta name=\"twitter:label1\" content=\"Gesch\u00e4tzte Lesezeit\" \/>\n\t<meta name=\"twitter:data1\" content=\"3\u00a0Minuten\" \/>\n<script type=\"application\/ld+json\" class=\"yoast-schema-graph\">{\"@context\":\"https:\\\/\\\/schema.org\",\"@graph\":[{\"@type\":\"WebPage\",\"@id\":\"https:\\\/\\\/www.enco-software.com\\\/de\\\/company\\\/\",\"url\":\"https:\\\/\\\/www.enco-software.com\\\/de\\\/company\\\/\",\"name\":\"Company &#183; Safety and Security Software\",\"isPartOf\":{\"@id\":\"https:\\\/\\\/www.enco-software.com\\\/en\\\/#website\"},\"datePublished\":\"2016-09-14T09:47:19+00:00\",\"dateModified\":\"2026-04-13T10:44:57+00:00\",\"breadcrumb\":{\"@id\":\"https:\\\/\\\/www.enco-software.com\\\/de\\\/company\\\/#breadcrumb\"},\"inLanguage\":\"de\",\"potentialAction\":[{\"@type\":\"ReadAction\",\"target\":[\"https:\\\/\\\/www.enco-software.com\\\/de\\\/company\\\/\"]}]},{\"@type\":\"BreadcrumbList\",\"@id\":\"https:\\\/\\\/www.enco-software.com\\\/de\\\/company\\\/#breadcrumb\",\"itemListElement\":[{\"@type\":\"ListItem\",\"position\":1,\"name\":\"Startseite\",\"item\":\"https:\\\/\\\/www.enco-software.com\\\/\"},{\"@type\":\"ListItem\",\"position\":2,\"name\":\"Company\"}]},{\"@type\":\"WebSite\",\"@id\":\"https:\\\/\\\/www.enco-software.com\\\/en\\\/#website\",\"url\":\"https:\\\/\\\/www.enco-software.com\\\/en\\\/\",\"name\":\"GmbH\",\"description\":\"Safety and Security Software\",\"publisher\":{\"@id\":\"https:\\\/\\\/www.enco-software.com\\\/en\\\/#organization\"},\"alternateName\":\"EnCo Software\",\"potentialAction\":[{\"@type\":\"SearchAction\",\"target\":{\"@type\":\"EntryPoint\",\"urlTemplate\":\"https:\\\/\\\/www.enco-software.com\\\/en\\\/?s={search_term_string}\"},\"query-input\":{\"@type\":\"PropertyValueSpecification\",\"valueRequired\":true,\"valueName\":\"search_term_string\"}}],\"inLanguage\":\"de\"},{\"@type\":\"Organization\",\"@id\":\"https:\\\/\\\/www.enco-software.com\\\/en\\\/#organization\",\"name\":\"EnCo Software GmbH\",\"url\":\"https:\\\/\\\/www.enco-software.com\\\/en\\\/\",\"logo\":{\"@type\":\"ImageObject\",\"inLanguage\":\"de\",\"@id\":\"https:\\\/\\\/www.enco-software.com\\\/en\\\/#\\\/schema\\\/logo\\\/image\\\/\",\"url\":\"https:\\\/\\\/www.enco-software.com\\\/wp-content\\\/uploads\\\/2024\\\/03\\\/Enco_Black.png\",\"contentUrl\":\"https:\\\/\\\/www.enco-software.com\\\/wp-content\\\/uploads\\\/2024\\\/03\\\/Enco_Black.png\",\"width\":852,\"height\":800,\"caption\":\"EnCo Software GmbH\"},\"image\":{\"@id\":\"https:\\\/\\\/www.enco-software.com\\\/en\\\/#\\\/schema\\\/logo\\\/image\\\/\"},\"sameAs\":[\"https:\\\/\\\/www.facebook.com\\\/EnCo-Software-GmbH-901872179939047\\\/\",\"https:\\\/\\\/x.com\\\/EnCoMuc\",\"https:\\\/\\\/de.linkedin.com\\\/company\\\/enco-software\"]}]}<\/script>\n<!-- \/ Yoast SEO plugin. -->","yoast_head_json":{"title":"Company &#183; Safety and Security Software","robots":{"index":"index","follow":"follow","max-snippet":"max-snippet:-1","max-image-preview":"max-image-preview:large","max-video-preview":"max-video-preview:-1"},"canonical":"https:\/\/www.enco-software.com\/de\/company\/","og_locale":"de_DE","og_type":"article","og_title":"Company &#183; Safety and Security Software","og_description":"[vc_row][vc_column][\/vc_column][\/vc_row][vc_row][vc_column][vc_empty_space height=&#8220;50px&#8220;][vc_custom_heading text=&#8220;Company&#8220; font_container=&#8220;tag:h1|font_size:35px|text_align:center&#8220; google_fonts=&#8220;font_family:Raleway%3A100%2C200%2C300%2Cregular%2C500%2C600%2C700%2C800%2C900|font_style:300%20light%20regular%3A300%3Anormal&#8220;][vc_empty_space height=&#8220;20px&#8220;][vc_column_text css=&#8220;&#8220;]EnCo Software GmbH, gegr\u00fcndet im Jahr 2005 in Hamburg und 2008 in die Rechtsform einer GmbH umgewandelt, ist ein Beratungs- und Software Systemhaus f\u00fcr die Industriezweige Automotive, Anlagenbau, Rail sowie Luft- und Raumfahrttechnik mit Sitz in Hamburg. Als Dienstleistungsspezialist in einer hochkomplexen Engineering Umgebung z\u00e4hlen zu den Kernkomponenten die [&hellip;]","og_url":"https:\/\/www.enco-software.com\/de\/company\/","og_site_name":"EnCo Software GmbH","article_publisher":"https:\/\/www.facebook.com\/EnCo-Software-GmbH-901872179939047\/","article_modified_time":"2026-04-13T10:44:57+00:00","og_image":[{"width":2500,"height":1669,"url":"https:\/\/www.enco-software.com\/wp-content\/uploads\/2017\/07\/turbine-aircraft-motor-rotor-40024.jpeg","type":"image\/jpeg"}],"twitter_card":"summary_large_image","twitter_site":"@EnCoMuc","twitter_misc":{"Gesch\u00e4tzte Lesezeit":"3\u00a0Minuten"},"schema":{"@context":"https:\/\/schema.org","@graph":[{"@type":"WebPage","@id":"https:\/\/www.enco-software.com\/de\/company\/","url":"https:\/\/www.enco-software.com\/de\/company\/","name":"Company &#183; Safety and Security Software","isPartOf":{"@id":"https:\/\/www.enco-software.com\/en\/#website"},"datePublished":"2016-09-14T09:47:19+00:00","dateModified":"2026-04-13T10:44:57+00:00","breadcrumb":{"@id":"https:\/\/www.enco-software.com\/de\/company\/#breadcrumb"},"inLanguage":"de","potentialAction":[{"@type":"ReadAction","target":["https:\/\/www.enco-software.com\/de\/company\/"]}]},{"@type":"BreadcrumbList","@id":"https:\/\/www.enco-software.com\/de\/company\/#breadcrumb","itemListElement":[{"@type":"ListItem","position":1,"name":"Startseite","item":"https:\/\/www.enco-software.com\/"},{"@type":"ListItem","position":2,"name":"Company"}]},{"@type":"WebSite","@id":"https:\/\/www.enco-software.com\/en\/#website","url":"https:\/\/www.enco-software.com\/en\/","name":"GmbH","description":"Safety and Security Software","publisher":{"@id":"https:\/\/www.enco-software.com\/en\/#organization"},"alternateName":"EnCo Software","potentialAction":[{"@type":"SearchAction","target":{"@type":"EntryPoint","urlTemplate":"https:\/\/www.enco-software.com\/en\/?s={search_term_string}"},"query-input":{"@type":"PropertyValueSpecification","valueRequired":true,"valueName":"search_term_string"}}],"inLanguage":"de"},{"@type":"Organization","@id":"https:\/\/www.enco-software.com\/en\/#organization","name":"EnCo Software GmbH","url":"https:\/\/www.enco-software.com\/en\/","logo":{"@type":"ImageObject","inLanguage":"de","@id":"https:\/\/www.enco-software.com\/en\/#\/schema\/logo\/image\/","url":"https:\/\/www.enco-software.com\/wp-content\/uploads\/2024\/03\/Enco_Black.png","contentUrl":"https:\/\/www.enco-software.com\/wp-content\/uploads\/2024\/03\/Enco_Black.png","width":852,"height":800,"caption":"EnCo Software GmbH"},"image":{"@id":"https:\/\/www.enco-software.com\/en\/#\/schema\/logo\/image\/"},"sameAs":["https:\/\/www.facebook.com\/EnCo-Software-GmbH-901872179939047\/","https:\/\/x.com\/EnCoMuc","https:\/\/de.linkedin.com\/company\/enco-software"]}]}},"_links":{"self":[{"href":"https:\/\/www.enco-software.com\/de\/wp-json\/wp\/v2\/pages\/943","targetHints":{"allow":["GET"]}}],"collection":[{"href":"https:\/\/www.enco-software.com\/de\/wp-json\/wp\/v2\/pages"}],"about":[{"href":"https:\/\/www.enco-software.com\/de\/wp-json\/wp\/v2\/types\/page"}],"author":[{"embeddable":true,"href":"https:\/\/www.enco-software.com\/de\/wp-json\/wp\/v2\/users\/673"}],"replies":[{"embeddable":true,"href":"https:\/\/www.enco-software.com\/de\/wp-json\/wp\/v2\/comments?post=943"}],"version-history":[{"count":22,"href":"https:\/\/www.enco-software.com\/de\/wp-json\/wp\/v2\/pages\/943\/revisions"}],"predecessor-version":[{"id":13227,"href":"https:\/\/www.enco-software.com\/de\/wp-json\/wp\/v2\/pages\/943\/revisions\/13227"}],"wp:attachment":[{"href":"https:\/\/www.enco-software.com\/de\/wp-json\/wp\/v2\/media?parent=943"}],"curies":[{"name":"wp","href":"https:\/\/api.w.org\/{rel}","templated":true}]}}