{"id":10446,"date":"2024-07-08T11:17:06","date_gmt":"2024-07-08T09:17:06","guid":{"rendered":"https:\/\/www.enco-software.com\/?page_id=10446"},"modified":"2024-11-19T09:23:09","modified_gmt":"2024-11-19T08:23:09","slug":"software","status":"publish","type":"page","link":"https:\/\/www.enco-software.com\/de\/software\/","title":{"rendered":"Software"},"content":{"rendered":"<div class=\"wpb-content-wrapper\">[vc_row full_width=&#8220;stretch_row&#8220; css_animation=&#8220;none&#8220;][vc_column][vc_row_inner gap=&#8220;15&#8243; trp_param_show=&#8220;&#8220; trp_param_show_language=&#8220;&#8220; trp_param_exclude=&#8220;&#8220; trp_param_exclude_languages=&#8220;&#8220;][vc_column_inner][vc_empty_space height=&#8220;50&#8243;][vc_column_text css_animation=&#8220;left-to-right&#8220; css=&#8220;.vc_custom_1727162380246{border-right-width: 50px !important;border-left-width: 50px !important;}&#8220;]\n<p style=\"text-align: center; color: #fcc72a; font-size: 60px; font-weight: 600; text-shadow: 0 0 10px black;\">SOX MODULE<\/p>\n[\/vc_column_text][vc_column_text css_animation=&#8220;left-to-right&#8220; css=&#8220;.vc_custom_1727156604105{border-right-width: 50px !important;border-left-width: 50px !important;}&#8220;]\n<p style=\"text-align: center; color: #ffffff; text-shadow: 0 0 10px black; font-size: 33px;\">Klicken Sie auf ein Icon, um mehr \u00fcber die SOX-Module zu erfahren<\/p>\n[\/vc_column_text][\/vc_column_inner][\/vc_row_inner][vc_row_inner trp_param_show=&#8220;&#8220; trp_param_show_language=&#8220;&#8220; trp_param_exclude=&#8220;&#8220; trp_param_exclude_languages=&#8220;&#8220; css=&#8220;.vc_custom_1727163362351{background-color: #EEEEEE00 !important;}&#8220;][vc_column_inner width=&#8220;1\/6&#8243;][\/vc_column_inner][vc_column_inner width=&#8220;2\/3&#8243;][vc_raw_html css=&#8220;.vc_custom_1727163370459{background-color: #DD993300 !important;}&#8220;]JTVCZHJhd2F0dGVudGlvbiUyMElEJTNEJTIyMTA0NTElMjIlNUQ=[\/vc_raw_html][\/vc_column_inner][vc_column_inner width=&#8220;1\/6&#8243;][\/vc_column_inner][\/vc_row_inner][vc_row_inner trp_param_show=&#8220;&#8220; trp_param_show_language=&#8220;&#8220; trp_param_exclude=&#8220;&#8220; trp_param_exclude_languages=&#8220;&#8220;][vc_column_inner][vc_empty_space height=&#8220;50&#8243;][vc_separator color=&#8220;white&#8220; css=&#8220;&#8220;][vc_column_text css_animation=&#8220;appear&#8220; css=&#8220;&#8220;]\n<p style=\"color: #ffffff; text-align: center; font-size: 25px;\">Schlie\u00dfen Sie sich den innovativen Unternehmen an, die ihre Workflows mit EnCo SOX optimiert haben..<\/p>\n[\/vc_column_text][\/vc_column_inner][\/vc_row_inner][vc_row_inner trp_param_show=&#8220;&#8220; trp_param_show_language=&#8220;&#8220; trp_param_exclude=&#8220;&#8220; trp_param_exclude_languages=&#8220;&#8220;][vc_column_inner css=&#8220;.vc_custom_1716356054318{padding-right: 50px !important;padding-left: 50px !important;}&#8220;][\/vc_column_inner][\/vc_row_inner][vc_single_image image=&#8220;8345&#8243; img_size=&#8220;full&#8220; css_animation=&#8220;appear&#8220; css=&#8220;&#8220;][vc_separator color=&#8220;white&#8220; css=&#8220;&#8220;][vc_empty_space height=&#8220;50&#8243;][vc_column_text css_animation=&#8220;appear&#8220; css=&#8220;.vc_custom_1727156682382{border-right-width: 50px !important;border-left-width: 50px !important;}&#8220;]\n<p style=\"text-align: center; color: #fcc72a; font-size: 40px; font-weight: 400; text-shadow: 0 0 10px black;\">OPTIMIEREN SIE IHRE SAFETY- UND SECURITY PROZESSE NOCH HEUTE<\/p>\n[\/vc_column_text][vc_separator border_width=&#8220;3&#8243; el_width=&#8220;10&#8243;][vc_btn title=&#8220;STARTEN SIE JETZT&#8220; style=&#8220;custom&#8220; custom_background=&#8220;#C0564B&#8220; custom_text=&#8220;#FFFFFF&#8220; size=&#8220;lg&#8220; align=&#8220;center&#8220; css_animation=&#8220;appear&#8220; css=&#8220;&#8220; link=&#8220;url:https%3A%2F%2Fwww.enco-software.com%2Fcontact%2F|title:Contact&#8220;][vc_separator border_width=&#8220;3&#8243; el_width=&#8220;10&#8243;][vc_separator color=&#8220;white&#8220; css=&#8220;&#8220;][vc_empty_space height=&#8220;50&#8243;][vc_row_inner content_placement=&#8220;middle&#8220;][vc_column_inner width=&#8220;1\/4&#8243;][vc_custom_heading text=&#8220;FREQUENTLY ASKED QUESTIONS&#8220; font_container=&#8220;tag:div|font_size:40|text_align:center|color:%23ffffff&#8220; google_fonts=&#8220;font_family:Raleway%3A100%2C200%2C300%2Cregular%2C500%2C600%2C700%2C800%2C900|font_style:300%20light%20regular%3A300%3Anormal&#8220; css_animation=&#8220;none&#8220; css=&#8220;&#8220;][\/vc_column_inner][vc_column_inner width=&#8220;3\/4&#8243;][vc_toggle title=&#8220;Ist es m\u00f6glich, Dateien wie Bilder, Office-Dateien und PDF-Dateien zu SOX-Projekten hinzuzuf\u00fcgen?&#8220; style=&#8220;simple&#8220; color=&#8220;orange&#8220; css_animation=&#8220;right-to-left&#8220; css=&#8220;.vc_custom_1727156716944{background-color: #535353 !important;border-color: #FFFFFF !important;}&#8220;]Ja, Sie k\u00f6nnen z. B. Bilddateien oder alle Office-Formate von Windows in alle Ordner (FMEA, FMEDA usw.) innerhalb des Projektarchivs ziehen und ablegen. Es wird eine Kopie erstellt und in der SOX-Datenbank gespeichert. Au\u00dferdem k\u00f6nnen diese Dateien anschlie\u00dfend mit SOX-Elementen wie Funktionen und Fehlfunktionen verkn\u00fcpft werden. Das betreffende Element wird mit einem Dekorator versehen, so dass leicht zu erkennen ist, welche Dateien auf diese Weise mit anderen Dateien verkn\u00fcpft sind. Klicken Sie mit der rechten Maustaste auf das Element, um alle verkn\u00fcpften Dateien anzuzeigen und zu \u00f6ffnen.<\/p>\n[\/vc_toggle][vc_toggle title=&#8220;Ist es m\u00f6glich, dass mehrere Benutzer gleichzeitig an einem Projekt arbeiten?&#8220; style=&#8220;simple&#8220; color=&#8220;orange&#8220; css_animation=&#8220;right-to-left&#8220; css=&#8220;.vc_custom_1727156728339{background-color: #535353 !important;}&#8220;]Ja, EnCo SOX bietet umfangreiche Mehrbenutzerf\u00e4higkeiten und Echtzeit-Updates.[\/vc_toggle][vc_toggle title=&#8220;Was sind die Mindestanforderungen an die Hardware des SOX-Servers?&#8220; style=&#8220;simple&#8220; color=&#8220;orange&#8220; css_animation=&#8220;right-to-left&#8220; css=&#8220;.vc_custom_1727156778513{background-color: #535353 !important;}&#8220;]Die Mindestanforderungen sind:<\/p>\n<ul>\n<li>Ubuntu Server (ab Version 14.04 LTS oder \u00e4hnliche Distributionen),<\/li>\n<li>Windows Server 2012 oder besser Oracle JDK ist bereits integriert (externes Oracle JDK kann verwendet werden)<\/li>\n<li>CPU: 4 Kerne RAM: 12 GB (16 GB empfohlen)<\/li>\n<li>Kann in einer virtuellen Umgebung ausgef\u00fchrt werden Ben\u00f6tigt einen offenen Port (z.B. Standard-Port 2036) f\u00fcr den Zugriff<\/li>\n<li>Festplattenspeicher: ca. 700MB &#8211; 1200MB f\u00fcr die Client-Anwendung, 5 GB f\u00fcr die eingebettete Datenbank<\/li>\n<\/ul>\n[\/vc_toggle][vc_toggle title=&#8220;Kann ich Projekte aus einer anderen Software importieren?&#8220; style=&#8220;simple&#8220; color=&#8220;orange&#8220; css_animation=&#8220;right-to-left&#8220; css=&#8220;.vc_custom_1727156858839{background-color: #535353 !important;}&#8220;]Ja, EnCo SOX bietet verschiedene M\u00f6glichkeiten, Arbeitsdateien aus Ihren bisherigen Softwarel\u00f6sungen zu importieren. Nehmen Sie \u00fcber unser Kontaktformular Kontakt mit uns auf, damit wir die beste L\u00f6sung f\u00fcr Ihre individuellen Bed\u00fcrfnisse besprechen k\u00f6nnen.[\/vc_toggle][vc_toggle title=&#8220;Wie funktioniert die SOX-Serverlandschaft?&#8220; style=&#8220;simple&#8220; color=&#8220;orange&#8220; css_animation=&#8220;right-to-left&#8220; css=&#8220;.vc_custom_1727156888997{background-color: #535353 !important;}&#8220;]Um die Mehrbenutzerf\u00e4higkeit und die Serverfunktionen von EnCo SOX zu nutzen, wird ein MySQL-Server auf Ihrer internen Server-Infrastruktur installiert, auf dem das SOX-Repository gespeichert wird. Alle Eingaben, die im SOX RCP und im C-SOX Web-Client gemacht werden, werden dann automatisch \u00fcber das Repository synchronisiert.[\/vc_toggle][\/vc_column_inner][\/vc_row_inner][vc_row_inner trp_param_show=&#8220;&#8220; trp_param_show_language=&#8220;&#8220; trp_param_exclude=&#8220;&#8220; trp_param_exclude_languages=&#8220;&#8220;][vc_column_inner][\/vc_column_inner][\/vc_row_inner][vc_empty_space height=&#8220;100px&#8220;][\/vc_column][\/vc_row]\n<\/div>","protected":false},"excerpt":{"rendered":"<p>[vc_row full_width=&#8220;stretch_row&#8220; css_animation=&#8220;none&#8220;][vc_column][vc_row_inner gap=&#8220;15&#8243; trp_param_show=&#8220;&#8220; trp_param_show_language=&#8220;&#8220; trp_param_exclude=&#8220;&#8220; trp_param_exclude_languages=&#8220;&#8220;][vc_column_inner][vc_empty_space height=&#8220;50&#8243;][vc_column_text css_animation=&#8220;left-to-right&#8220; css=&#8220;.vc_custom_1727162380246{border-right-width: 50px !important;border-left-width: 50px !important;}&#8220;] SOX MODULE [\/vc_column_text][vc_column_text css_animation=&#8220;left-to-right&#8220; css=&#8220;.vc_custom_1727156604105{border-right-width: 50px !important;border-left-width: 50px !important;}&#8220;] Klicken Sie auf ein Icon, um mehr \u00fcber die SOX-Module zu erfahren [\/vc_column_text][\/vc_column_inner][\/vc_row_inner][vc_row_inner trp_param_show=&#8220;&#8220; trp_param_show_language=&#8220;&#8220; trp_param_exclude=&#8220;&#8220; trp_param_exclude_languages=&#8220;&#8220; css=&#8220;.vc_custom_1727163362351{background-color: #EEEEEE00 !important;}&#8220;][vc_column_inner width=&#8220;1\/6&#8243;][\/vc_column_inner][vc_column_inner width=&#8220;2\/3&#8243;][vc_raw_html css=&#8220;.vc_custom_1727163370459{background-color: #DD993300 !important;}&#8220;]JTVCZHJhd2F0dGVudGlvbiUyMElEJTNEJTIyMTA0NTElMjIlNUQ=[\/vc_raw_html][\/vc_column_inner][vc_column_inner width=&#8220;1\/6&#8243;][\/vc_column_inner][\/vc_row_inner][vc_row_inner trp_param_show=&#8220;&#8220; trp_param_show_language=&#8220;&#8220; trp_param_exclude=&#8220;&#8220; trp_param_exclude_languages=&#8220;&#8220;][vc_column_inner][vc_empty_space height=&#8220;50&#8243;][vc_separator [&hellip;]<\/p>\n","protected":false},"author":1028,"featured_media":7499,"parent":0,"menu_order":0,"comment_status":"closed","ping_status":"closed","template":"","meta":{"_monsterinsights_skip_tracking":false,"_monsterinsights_sitenote_active":false,"_monsterinsights_sitenote_note":"","_monsterinsights_sitenote_category":0,"footnotes":""},"class_list":["post-10446","page","type-page","status-publish","has-post-thumbnail","hentry","entry","has-media"],"yoast_head":"<!-- This site is optimized with the Yoast SEO plugin v27.4 - https:\/\/yoast.com\/product\/yoast-seo-wordpress\/ -->\n<title>Software &#183; Safety and Security Software<\/title>\n<meta name=\"description\" content=\"EnCo SOX software for precise safety- security- and risk analysis featuring robust reporting tools and seamless integrations.\" \/>\n<meta name=\"robots\" content=\"index, follow, max-snippet:-1, max-image-preview:large, max-video-preview:-1\" \/>\n<link rel=\"canonical\" href=\"https:\/\/www.enco-software.com\/de\/software\/\" \/>\n<meta property=\"og:locale\" content=\"de_DE\" \/>\n<meta property=\"og:type\" content=\"article\" \/>\n<meta property=\"og:title\" content=\"Software &#183; Safety and Security Software\" \/>\n<meta property=\"og:description\" content=\"EnCo SOX software for precise safety- security- and risk analysis featuring robust reporting tools and seamless integrations.\" \/>\n<meta property=\"og:url\" content=\"https:\/\/www.enco-software.com\/de\/software\/\" \/>\n<meta property=\"og:site_name\" content=\"EnCo Software GmbH\" \/>\n<meta property=\"article:publisher\" content=\"https:\/\/www.facebook.com\/EnCo-Software-GmbH-901872179939047\/\" \/>\n<meta property=\"article:modified_time\" content=\"2024-11-19T08:23:09+00:00\" \/>\n<meta property=\"og:image\" content=\"https:\/\/www.enco-software.com\/wp-content\/uploads\/2024\/03\/cropped-Enco_Black.png\" \/>\n\t<meta property=\"og:image:width\" content=\"512\" \/>\n\t<meta property=\"og:image:height\" content=\"512\" \/>\n\t<meta property=\"og:image:type\" content=\"image\/png\" \/>\n<meta name=\"twitter:card\" content=\"summary_large_image\" \/>\n<meta name=\"twitter:site\" content=\"@EnCoMuc\" \/>\n<meta name=\"twitter:label1\" content=\"Gesch\u00e4tzte Lesezeit\" \/>\n\t<meta name=\"twitter:data1\" content=\"3\u00a0Minuten\" \/>\n<script type=\"application\/ld+json\" class=\"yoast-schema-graph\">{\"@context\":\"https:\\\/\\\/schema.org\",\"@graph\":[{\"@type\":\"WebPage\",\"@id\":\"https:\\\/\\\/www.enco-software.com\\\/de\\\/software\\\/\",\"url\":\"https:\\\/\\\/www.enco-software.com\\\/de\\\/software\\\/\",\"name\":\"Software &#183; Safety and Security Software\",\"isPartOf\":{\"@id\":\"https:\\\/\\\/www.enco-software.com\\\/en\\\/#website\"},\"primaryImageOfPage\":{\"@id\":\"https:\\\/\\\/www.enco-software.com\\\/de\\\/software\\\/#primaryimage\"},\"image\":{\"@id\":\"https:\\\/\\\/www.enco-software.com\\\/de\\\/software\\\/#primaryimage\"},\"thumbnailUrl\":\"https:\\\/\\\/www.enco-software.com\\\/wp-content\\\/uploads\\\/2024\\\/03\\\/cropped-Enco_Black.png\",\"datePublished\":\"2024-07-08T09:17:06+00:00\",\"dateModified\":\"2024-11-19T08:23:09+00:00\",\"description\":\"EnCo SOX software for precise safety- security- and risk analysis featuring robust reporting tools and seamless integrations.\",\"breadcrumb\":{\"@id\":\"https:\\\/\\\/www.enco-software.com\\\/de\\\/software\\\/#breadcrumb\"},\"inLanguage\":\"de\",\"potentialAction\":[{\"@type\":\"ReadAction\",\"target\":[\"https:\\\/\\\/www.enco-software.com\\\/de\\\/software\\\/\"]}]},{\"@type\":\"ImageObject\",\"inLanguage\":\"de\",\"@id\":\"https:\\\/\\\/www.enco-software.com\\\/de\\\/software\\\/#primaryimage\",\"url\":\"https:\\\/\\\/www.enco-software.com\\\/wp-content\\\/uploads\\\/2024\\\/03\\\/cropped-Enco_Black.png\",\"contentUrl\":\"https:\\\/\\\/www.enco-software.com\\\/wp-content\\\/uploads\\\/2024\\\/03\\\/cropped-Enco_Black.png\",\"width\":512,\"height\":512,\"caption\":\"Discover innovative solutions taylor-made for your business\"},{\"@type\":\"BreadcrumbList\",\"@id\":\"https:\\\/\\\/www.enco-software.com\\\/de\\\/software\\\/#breadcrumb\",\"itemListElement\":[{\"@type\":\"ListItem\",\"position\":1,\"name\":\"Startseite\",\"item\":\"https:\\\/\\\/www.enco-software.com\\\/\"},{\"@type\":\"ListItem\",\"position\":2,\"name\":\"Software\"}]},{\"@type\":\"WebSite\",\"@id\":\"https:\\\/\\\/www.enco-software.com\\\/en\\\/#website\",\"url\":\"https:\\\/\\\/www.enco-software.com\\\/en\\\/\",\"name\":\"GmbH\",\"description\":\"Safety and Security Software\",\"publisher\":{\"@id\":\"https:\\\/\\\/www.enco-software.com\\\/en\\\/#organization\"},\"alternateName\":\"EnCo Software\",\"potentialAction\":[{\"@type\":\"SearchAction\",\"target\":{\"@type\":\"EntryPoint\",\"urlTemplate\":\"https:\\\/\\\/www.enco-software.com\\\/en\\\/?s={search_term_string}\"},\"query-input\":{\"@type\":\"PropertyValueSpecification\",\"valueRequired\":true,\"valueName\":\"search_term_string\"}}],\"inLanguage\":\"de\"},{\"@type\":\"Organization\",\"@id\":\"https:\\\/\\\/www.enco-software.com\\\/en\\\/#organization\",\"name\":\"EnCo Software GmbH\",\"url\":\"https:\\\/\\\/www.enco-software.com\\\/en\\\/\",\"logo\":{\"@type\":\"ImageObject\",\"inLanguage\":\"de\",\"@id\":\"https:\\\/\\\/www.enco-software.com\\\/en\\\/#\\\/schema\\\/logo\\\/image\\\/\",\"url\":\"https:\\\/\\\/www.enco-software.com\\\/wp-content\\\/uploads\\\/2024\\\/03\\\/Enco_Black.png\",\"contentUrl\":\"https:\\\/\\\/www.enco-software.com\\\/wp-content\\\/uploads\\\/2024\\\/03\\\/Enco_Black.png\",\"width\":852,\"height\":800,\"caption\":\"EnCo Software GmbH\"},\"image\":{\"@id\":\"https:\\\/\\\/www.enco-software.com\\\/en\\\/#\\\/schema\\\/logo\\\/image\\\/\"},\"sameAs\":[\"https:\\\/\\\/www.facebook.com\\\/EnCo-Software-GmbH-901872179939047\\\/\",\"https:\\\/\\\/x.com\\\/EnCoMuc\",\"https:\\\/\\\/de.linkedin.com\\\/company\\\/enco-software\"]}]}<\/script>\n<!-- \/ Yoast SEO plugin. -->","yoast_head_json":{"title":"Software &#183; Safety and Security Software","description":"EnCo SOX software for precise safety- security- and risk analysis featuring robust reporting tools and seamless integrations.","robots":{"index":"index","follow":"follow","max-snippet":"max-snippet:-1","max-image-preview":"max-image-preview:large","max-video-preview":"max-video-preview:-1"},"canonical":"https:\/\/www.enco-software.com\/de\/software\/","og_locale":"de_DE","og_type":"article","og_title":"Software &#183; Safety and Security Software","og_description":"EnCo SOX software for precise safety- security- and risk analysis featuring robust reporting tools and seamless integrations.","og_url":"https:\/\/www.enco-software.com\/de\/software\/","og_site_name":"EnCo Software GmbH","article_publisher":"https:\/\/www.facebook.com\/EnCo-Software-GmbH-901872179939047\/","article_modified_time":"2024-11-19T08:23:09+00:00","og_image":[{"width":512,"height":512,"url":"https:\/\/www.enco-software.com\/wp-content\/uploads\/2024\/03\/cropped-Enco_Black.png","type":"image\/png"}],"twitter_card":"summary_large_image","twitter_site":"@EnCoMuc","twitter_misc":{"Gesch\u00e4tzte Lesezeit":"3\u00a0Minuten"},"schema":{"@context":"https:\/\/schema.org","@graph":[{"@type":"WebPage","@id":"https:\/\/www.enco-software.com\/de\/software\/","url":"https:\/\/www.enco-software.com\/de\/software\/","name":"Software &#183; Safety and Security Software","isPartOf":{"@id":"https:\/\/www.enco-software.com\/en\/#website"},"primaryImageOfPage":{"@id":"https:\/\/www.enco-software.com\/de\/software\/#primaryimage"},"image":{"@id":"https:\/\/www.enco-software.com\/de\/software\/#primaryimage"},"thumbnailUrl":"https:\/\/www.enco-software.com\/wp-content\/uploads\/2024\/03\/cropped-Enco_Black.png","datePublished":"2024-07-08T09:17:06+00:00","dateModified":"2024-11-19T08:23:09+00:00","description":"EnCo SOX software for precise safety- security- and risk analysis featuring robust reporting tools and seamless integrations.","breadcrumb":{"@id":"https:\/\/www.enco-software.com\/de\/software\/#breadcrumb"},"inLanguage":"de","potentialAction":[{"@type":"ReadAction","target":["https:\/\/www.enco-software.com\/de\/software\/"]}]},{"@type":"ImageObject","inLanguage":"de","@id":"https:\/\/www.enco-software.com\/de\/software\/#primaryimage","url":"https:\/\/www.enco-software.com\/wp-content\/uploads\/2024\/03\/cropped-Enco_Black.png","contentUrl":"https:\/\/www.enco-software.com\/wp-content\/uploads\/2024\/03\/cropped-Enco_Black.png","width":512,"height":512,"caption":"Discover innovative solutions taylor-made for your business"},{"@type":"BreadcrumbList","@id":"https:\/\/www.enco-software.com\/de\/software\/#breadcrumb","itemListElement":[{"@type":"ListItem","position":1,"name":"Startseite","item":"https:\/\/www.enco-software.com\/"},{"@type":"ListItem","position":2,"name":"Software"}]},{"@type":"WebSite","@id":"https:\/\/www.enco-software.com\/en\/#website","url":"https:\/\/www.enco-software.com\/en\/","name":"GmbH","description":"Safety and Security Software","publisher":{"@id":"https:\/\/www.enco-software.com\/en\/#organization"},"alternateName":"EnCo Software","potentialAction":[{"@type":"SearchAction","target":{"@type":"EntryPoint","urlTemplate":"https:\/\/www.enco-software.com\/en\/?s={search_term_string}"},"query-input":{"@type":"PropertyValueSpecification","valueRequired":true,"valueName":"search_term_string"}}],"inLanguage":"de"},{"@type":"Organization","@id":"https:\/\/www.enco-software.com\/en\/#organization","name":"EnCo Software GmbH","url":"https:\/\/www.enco-software.com\/en\/","logo":{"@type":"ImageObject","inLanguage":"de","@id":"https:\/\/www.enco-software.com\/en\/#\/schema\/logo\/image\/","url":"https:\/\/www.enco-software.com\/wp-content\/uploads\/2024\/03\/Enco_Black.png","contentUrl":"https:\/\/www.enco-software.com\/wp-content\/uploads\/2024\/03\/Enco_Black.png","width":852,"height":800,"caption":"EnCo Software GmbH"},"image":{"@id":"https:\/\/www.enco-software.com\/en\/#\/schema\/logo\/image\/"},"sameAs":["https:\/\/www.facebook.com\/EnCo-Software-GmbH-901872179939047\/","https:\/\/x.com\/EnCoMuc","https:\/\/de.linkedin.com\/company\/enco-software"]}]}},"_links":{"self":[{"href":"https:\/\/www.enco-software.com\/de\/wp-json\/wp\/v2\/pages\/10446","targetHints":{"allow":["GET"]}}],"collection":[{"href":"https:\/\/www.enco-software.com\/de\/wp-json\/wp\/v2\/pages"}],"about":[{"href":"https:\/\/www.enco-software.com\/de\/wp-json\/wp\/v2\/types\/page"}],"author":[{"embeddable":true,"href":"https:\/\/www.enco-software.com\/de\/wp-json\/wp\/v2\/users\/1028"}],"replies":[{"embeddable":true,"href":"https:\/\/www.enco-software.com\/de\/wp-json\/wp\/v2\/comments?post=10446"}],"version-history":[{"count":9,"href":"https:\/\/www.enco-software.com\/de\/wp-json\/wp\/v2\/pages\/10446\/revisions"}],"predecessor-version":[{"id":11820,"href":"https:\/\/www.enco-software.com\/de\/wp-json\/wp\/v2\/pages\/10446\/revisions\/11820"}],"wp:featuredmedia":[{"embeddable":true,"href":"https:\/\/www.enco-software.com\/de\/wp-json\/wp\/v2\/media\/7499"}],"wp:attachment":[{"href":"https:\/\/www.enco-software.com\/de\/wp-json\/wp\/v2\/media?parent=10446"}],"curies":[{"name":"wp","href":"https:\/\/api.w.org\/{rel}","templated":true}]}}